{"id":434,"date":"2022-07-05T13:52:17","date_gmt":"2022-07-05T11:52:17","guid":{"rendered":"http:\/\/majopublic.com\/privacy-policy\/"},"modified":"2024-02-01T18:01:44","modified_gmt":"2024-02-01T17:01:44","slug":"privacy-policy","status":"publish","type":"page","link":"https:\/\/majopublic.com\/en\/privacy-policy\/","title":{"rendered":"Privacy Policy"},"content":{"rendered":"<h1>Politika privatnosti<\/h1>\n<div id=\"lipsum\">\n<p><strong>SADR\u017dAJ<\/strong><\/p>\n<p>Portal <strong>majopublic.com<\/strong> svojim korisnicima omogu\u0107ava kori\u0161\u0107enje i pristup razli\u010ditim sadr\u017eajima koji uklju\u010duju internet vesti, foto galerije, uslugu pretra\u017eivanja sadr\u017eaja, video sadr\u017eaje. Kori\u0161\u0107enje sadr\u017eaja omogu\u0107eno je u skladu sa ovim uslovima kori\u0161\u0107enja. Portal\u00a0<strong>majopublic.com<\/strong> zadr\u017eava pravo ukidanja i promene izgleda, sadr\u017eaja i uslova kori\u0161\u0107enja portala\u00a0<strong>majopublic.com<\/strong> kao i svih servisa i podstranica koje su sastavni deo portala\u00a0<strong>majopublic.com<\/strong> bez obaveze prethodne najave.<\/p>\n<p><strong>ZA\u0160TITA PRIVATNOSTI I TAJNOST PODATAKA<\/strong><\/p>\n<p>Portal <strong>majopublic.com<\/strong> mo\u017ee prikupljati izvesne informacije ili li\u010dne podatke automatski generisane ili obezbe\u0111ene od strane posetilaca ili korisnika portala (u daljem tekstu: podaci o korisnicima). Podaci o korisnicima mogu da uklju\u010de i informacije koje je mogu\u0107e individualno identifikovati u odnosu na odre\u0111eno lice (IP adresa), kao i zbirne informacije o korisnicima.<br \/>\nPortal <strong>majopublic.com<\/strong> po\u0161tuje anonimnost i privatnost svojih korisnika.<\/p>\n<p>Portal <strong>majopublic.com<\/strong> mo\u017ee da prikuplja li\u010dne podatke korisnika samo uz njihovu saglasnost. Navedeni podaci \u0107e se koristiti u svrhu informisanja korisnika, radi boljeg uvida i razumevanja potreba i zahteva korisnika portala <strong>majopublic.com<\/strong>, kao i razvijanja mogu\u0107nosti \u0161to kvalitetnijeg pru\u017eanja usluga.<\/p>\n<p><strong>KOLA\u010cI\u0106I (COOKIES)<\/strong><\/p>\n<p>Kola\u010di\u0107 je mali fajl koji sajt postavlja na va\u0161 ra\u010dunar, da bi se sa\u010duvala specifi\u010dna pode\u0161avanja sajta tokom va\u0161eg pregleda stranica. U standardnoj postavci va\u0161 ra\u010dunar prihvata kola\u010di\u0107e i ta opcija se mo\u017ee isklju\u010diti u va\u0161em pretra\u017eiva\u010du. ali time mo\u017ee da se uti\u010de na na\u010din prikaza i funkcionisanja portala<strong> majopublic.com<\/strong> ili njegovih delova.<\/p>\n<p>Pored standarnih, na va\u0161 ra\u010dunar mogu biti postavljeni i kola\u010di\u0107i tre\u0107ih lica, pre svega ogla\u0161iva\u010da i spolja\u0161njih sistema za analitiku.<br \/>\nBez obzira na prirodu i svrhu kori\u0161\u0107enja, kola\u010di\u0107i ne prikupljaju li\u010dne podatke korisnika usluga portala <strong>majopublic.com<\/strong> \u010dime je privatnost korisnika zagarantovana.<\/p>\n<p><strong>LINKOVI NA DRUGE INTERNET STRANICE I OGLA\u0160IVA\u010cI<\/strong><\/p>\n<p>Portal<strong> majopublic.com<\/strong> sadr\u017ei podatke i informacije, kao i veze do drugih internet stranica kreiranih od strane tre\u0107ih lica (linkovi) koje \u0107e se, kad god je to mogu\u0107e, kao takve ozna\u010davati. Portal <strong>majopublic.com<\/strong> nema nadzor nad navedenim podacima i informacijama ili drugim internet stranicama, te se u potpunosti odri\u010de svake odgovornosti vezane za sadr\u017eaj na internet stranicama kreiranim od strane tre\u0107ih lica.<\/p>\n<p>Portal <strong>majopublic.com<\/strong> nije odgovoran za sadr\u017eaj stranica ogla\u0161iva\u010da na portalu <strong>majopublic.com<\/strong>, kao ni za bilo kakvu \u0161tetu nastalu reklamiranjem na portalu <strong>majopublic.com<\/strong>. Poslovni odnos izme\u0111u ogla\u0161iva\u010da i korisnika na portalu i izvan portala <strong>casadesign.rs<\/strong> isklju\u010divo se zasniva na poslovnom dogovoru ogla\u0161iva\u010da i korisnika, te portal\u00a0<strong>majopublic.com<\/strong> nije odgovoran za bilo kakvu mogu\u0107u \u0161tetu proiza\u0161lu iz takvog poslovnog odnosa.<\/p>\n<p><strong>LI\u010cNA, AUTORSKA I DRUGA PRAVA<\/strong><\/p>\n<p>Sadr\u017eaj na portalu<strong> majopublic.com<\/strong> mo\u017ee biti za\u0161ti\u0107en autorskim pravima. Sadr\u017eaj objavljen na portalu\u00a0<strong>majopublic.com <\/strong>ne sme se reprodukovati, distribuirati ili na bilo koji na\u010din koristiti u komercijalne svrhe bez izri\u010ditog pristanka portala <strong>majopublic.com<\/strong>, ili na bilo koji na\u010din kojim se mo\u017ee prouzrokovati \u0161teta portalu <strong>majopublic.com<\/strong> ili bilo kom tre\u0107em licu u skladu sa propisima.<\/p>\n<p>Ukoliko smatrate da sadr\u017eaj objavljen na portalu <strong>majopublic.com<\/strong> povre\u0111uje va\u0161e li\u010dno, autorsko ili drugo pravo ili interes, mo\u017eete od odgovornog urednika zahtevati objavu odgovora ili ispravke, odnosno otklanjanja navodne povrede. Obave\u0161tenje o eventualnoj povredi, to jest va\u0161 odgovor ili ispravka, mora da sadr\u017ei opis, vrstu i prirodu neistinitosti, nepotpunosti ili neta\u010dnosti prenosa sadr\u017eaja, odnosno druge povrede, zatim lokaciju (URL adresa) ili druge informacije dovoljne za identifikaciju predmetnog sadr\u017eaja, kao i instrukcije za njegovo otklanjanje.<\/p>\n<p><strong>KONTAKT<\/strong><\/p>\n<p>Sa redakcijom portala<strong> majopublic.com<\/strong> mo\u017ee da se kontaktira isklju\u010divo preko emaila <a href=\"mailto:office@majopublic.com\">office@majopublic.com<\/a>.<\/p>\n<p>Svaki korisnik usluga portala<strong> majopublic.com<\/strong> du\u017ean je da pro\u010dita Uslove kori\u0161\u0107enja i da ih se pridr\u017eava; redakcija portala <strong>majopublic.com<\/strong> podrazumeva da su svi korisnici usluga portala upu\u0107eni u Uslove kori\u0161\u0107enja i da \u0107e ih po\u0161tovati.<\/p>\n<\/div>\n","protected":false},"excerpt":{"rendered":"<p>Politika privatnosti SADR\u017dAJ Portal majopublic.com svojim korisnicima omogu\u0107ava kori\u0161\u0107enje i pristup razli\u010ditim sadr\u017eajima koji uklju\u010duju internet vesti, foto galerije, uslugu pretra\u017eivanja sadr\u017eaja, video sadr\u017eaje. Kori\u0161\u0107enje sadr\u017eaja omogu\u0107eno je u skladu sa ovim uslovima kori\u0161\u0107enja. Portal\u00a0majopublic.com zadr\u017eava pravo ukidanja i promene izgleda, sadr\u017eaja i uslova kori\u0161\u0107enja portala\u00a0majopublic.com kao i svih servisa i podstranica koje su sastavni [&hellip;]<\/p>\n","protected":false},"author":1,"featured_media":73,"parent":0,"menu_order":0,"comment_status":"closed","ping_status":"open","template":"","meta":{"_acf_changed":false,"_seopress_robots_primary_cat":"","_seopress_titles_title":"","_seopress_titles_desc":"","_seopress_robots_index":"","footnotes":""},"class_list":["post-434","page","type-page","status-publish","has-post-thumbnail","hentry"],"acf":[],"_links":{"self":[{"href":"https:\/\/majopublic.com\/en\/wp-json\/wp\/v2\/pages\/434","targetHints":{"allow":["GET"]}}],"collection":[{"href":"https:\/\/majopublic.com\/en\/wp-json\/wp\/v2\/pages"}],"about":[{"href":"https:\/\/majopublic.com\/en\/wp-json\/wp\/v2\/types\/page"}],"author":[{"embeddable":true,"href":"https:\/\/majopublic.com\/en\/wp-json\/wp\/v2\/users\/1"}],"replies":[{"embeddable":true,"href":"https:\/\/majopublic.com\/en\/wp-json\/wp\/v2\/comments?post=434"}],"version-history":[{"count":5,"href":"https:\/\/majopublic.com\/en\/wp-json\/wp\/v2\/pages\/434\/revisions"}],"predecessor-version":[{"id":1529,"href":"https:\/\/majopublic.com\/en\/wp-json\/wp\/v2\/pages\/434\/revisions\/1529"}],"wp:featuredmedia":[{"embeddable":true,"href":"https:\/\/majopublic.com\/en\/wp-json\/wp\/v2\/media\/73"}],"wp:attachment":[{"href":"https:\/\/majopublic.com\/en\/wp-json\/wp\/v2\/media?parent=434"}],"curies":[{"name":"wp","href":"https:\/\/api.w.org\/{rel}","templated":true}]}}